{"id":438,"date":"2024-12-17T22:30:10","date_gmt":"2024-12-17T22:30:10","guid":{"rendered":"https:\/\/frioven.com.ve\/servicio-3\/"},"modified":"2025-06-30T10:49:07","modified_gmt":"2025-06-30T10:49:07","slug":"servicio-3","status":"publish","type":"page","link":"https:\/\/frioven.com.ve\/en\/productos\/servicio-3\/","title":{"rendered":"Fr\u00edo Industrial"},"content":{"rendered":"<section class=\"header_15_2\" id=\"\" style=\"background-image:url('https:\/\/frioven.com.ve\/wp-content\/uploads\/2024\/12\/Leonardo_Vision_XL_Disea_una_imagen_para_el_header_de_una_web_0.jpg');\"\r\n    aria-label=\"\" data-block-id=\"69e3a0b7f0f7e69e3a0b7f0f7f\" data-block-name=\"acf\/header-15-2\" data-post-id=\"438\" data-stable-id=\"block_0df4d654db04b1233e8d672a99d698fc\">\r\n    <div class=\"mask\"><\/div>\r\n    <div class=\"container\" data-aos=\"fade-up\">\r\n        <div class=\"row\">\r\n            <div class=\"col \">\r\n                                <h1 class=\"tamano2 color-2-headings-light\">Fr\u00edo Industrial<\/h1>\r\n                                                <div class=\"texto tamano7 color-2-headings-light\"><p>Descubre soluciones innovadoras de refrigeraci\u00f3n y climatizaci\u00f3n industrial con Corporaci\u00f3n Frioven. Nos especializamos en sistemas a medida que maximizan la eficiencia energ\u00e9tica y el rendimiento. Garantiza la conservaci\u00f3n perfecta y el confort ideal para tu industria. \u00a1Vis\u00edtanos y transforma tus procesos!<\/p>\n<\/div>\r\n                            <\/div>\r\n        <\/div>\r\n    <\/div>\r\n<\/section>\r\n<style>\r\n    .header_15_2 .col {\r\n        max-width: 895px;\r\n    }\r\n\r\n    .header_15_2 .mask {\r\n        background: rgba(18, 18, 18, 0.50);\r\n        \/* background: rgba(255, 255, 255, 0.50); *\/\r\n        position: absolute;\r\n        top: 0;\r\n        left: 0;\r\n        width: 100%;\r\n        height: 100%;\r\n    }\r\n\r\n    .header_15_2 h1 {\r\n        padding-bottom: 25px;\r\n    }\r\n\r\n    .header_15_2 {\r\n        position: relative;\r\n        min-height: 500px;\r\n        background-position: center;\r\n        background-repeat: no-repeat;\r\n        background-size: cover;\r\n        padding: 150px 0;\r\n        display: flex;\r\n        align-items: center;\r\n        padding-top: 195px\r\n    }\r\n\r\n    .header_15_2-center {\r\n        text-align: center;\r\n        margin: 0 auto;\r\n    }\r\n\r\n    @media (max-width:992px) {\r\n        .header_15_2 {\r\n            padding: 100px 0;\r\n            min-height: auto;\r\n        }\r\n    }\r\n\r\n    @media (max-width:768px) {\r\n        .header_15_2 h1 {\r\n            line-height: var(--tamano3-line-height);\r\n        }\r\n\r\n        .header_15_2 {\r\n            padding: 180px 0 100px;\r\n        }\r\n    }\r\n<\/style>\r\n\n\n<section class=\"bloques_child_curvy1_2_1_3 background-1-light\"     original-block-id=\"block_8fcfe031776828594c1cdf92146fbf9c\" data-block-id=\"69e3a0b7f30b669e3a0b7f30b7\" data-block-name=\"acf\/services-child-curvy1-2-1-3\" data-post-id=\"438\" data-stable-id=\"block_8fcfe031776828594c1cdf92146fbf9c\">\r\n        <div class=\"subbloque_child_curvy1_2_1_3 \">\r\n        <div class=\"container\">\r\n            <div class=\"row\">\r\n                <div class=\"col col-imagen\">\r\n                                        <img decoding=\"async\" src=\"https:\/\/frioven.com.ve\/wp-content\/uploads\/2024\/12\/Leonardo_Vision_XL_Un_moderno_centro_de_refrigeracin_industria_0.jpg\"\r\n                        alt=\"\"\r\n                        title=\"Leonardo_Vision_XL_Un_moderno_centro_de_refrigeracin_industria_0\">\r\n                                    <\/div>\r\n                <div class=\"col col-texto\">\r\n\r\n                                        <h3 class=\"tamano3 color-1-headings-dark\">Soluciones de Refrigeraci\u00f3n<\/h3>\r\n                    \r\n                    <!-- text paragraphs -->\r\n                                        <div class=\"texto tamano7 color-1-body-dark\" data-desactivar-leer-mas=\"0\">\r\n                        <span class=\"texto-corto\"><\/span>\r\n                        <span class=\"texto-completo\" style=\"display: none;\"><p>En Corporaci\u00f3n Frioven, somos referentes en refrigeraci\u00f3n industrial y climatizaci\u00f3n. Ofrecemos soluciones innovadoras que combinan tecnolog\u00eda de vanguardia con alta eficiencia energ\u00e9tica, asegurando un rendimiento sobresaliente. Dise\u00f1amos y fabricamos sistemas a medida para cada sector, garantizando la conservaci\u00f3n ideal de productos y un ambiente c\u00f3modo. Nuestro compromiso va m\u00e1s all\u00e1 de la instalaci\u00f3n, brindamos mantenimiento continuo para asegurar que su sistema funcione \u00f3ptimamente. Conf\u00ede en nuestra experiencia para transformar su entorno con precisi\u00f3n y calidad.<\/p><\/span>\r\n                    <\/div>\r\n                    <div class=\"vermas tamano7 boton-4-texto-normal\">\r\n                        <span class=\"mas tamano7 boton-4-texto-normal\">Read more<\/span>\r\n                        <span class=\"menos hide tamano7 boton-4-texto-normal\">Read less<\/span>\r\n                        <svg class=\"icon-arrow\" width=\"13\" height=\"8\" viewBox=\"0 0 13 8\" fill=\"none\"\r\n                            xmlns=\"http:\/\/www.w3.org\/2000\/svg\">\r\n                            <path id=\"Vector 14\" d=\"M1 1L6.5 6.5L12 1\" stroke=\"#2B275C\" stroke-width=\"1.5\" \/>\r\n                        <\/svg>\r\n                    <\/div>\r\n                    \r\n                                        <a class=\"btn-round tamano-7-mediumcta color-boton-2-texto-normal color-boton-2-texto-hover color-boton-2-normal color-boton-2-hover\"\r\n                        href=\"#\" target=\"\">Cont\u00e1ctanos<\/a>\r\n                    \r\n                <\/div>\r\n            <\/div>\r\n        <\/div>\r\n    <\/div>\r\n    <\/div>\r\n        <div class=\"subbloque_child_curvy1_2_1_3 \">\r\n        <div class=\"container\">\r\n            <div class=\"row\">\r\n                <div class=\"col col-imagen\">\r\n                                        <img decoding=\"async\" src=\"https:\/\/frioven.com.ve\/wp-content\/uploads\/2024\/12\/Leonardo_Vision_XL_Diseo_conceptual_para_seccin_Services_una_i_0.jpg\"\r\n                        alt=\"\"\r\n                        title=\"Leonardo_Vision_XL_Diseo_conceptual_para_seccin_Services_una_i_0\">\r\n                                    <\/div>\r\n                <div class=\"col col-texto\">\r\n\r\n                                        <h3 class=\"tamano3 color-1-headings-dark\">Soluciones Frioven<\/h3>\r\n                    \r\n                    <!-- text paragraphs -->\r\n                                        <div class=\"texto tamano7 color-1-body-dark\" data-desactivar-leer-mas=\"0\">\r\n                        <span class=\"texto-corto\"><\/span>\r\n                        <span class=\"texto-completo\" style=\"display: none;\"><p>En Corporaci\u00f3n Frioven, ofrecemos sistemas de refrigeraci\u00f3n industrial que integran tecnolog\u00eda avanzada y eficiencia energ\u00e9tica superior. Nos adaptamos a las necesidades espec\u00edficas de diversos sectores, asegurando la conservaci\u00f3n ideal de productos y el confort en ambientes laborales. Nuestro equipo de expertos se dedica a dise\u00f1ar, fabricar y mantener sistemas que garantizan un rendimiento excepcional. Con a\u00f1os de experiencia, somos l\u00edderes en ofrecer soluciones innovadoras que cumplen con los m\u00e1s altos est\u00e1ndares del mercado. Descubre c\u00f3mo podemos optimizar tus procesos hoy.<\/p><\/span>\r\n                    <\/div>\r\n                    <div class=\"vermas tamano7 boton-4-texto-normal\">\r\n                        <span class=\"mas tamano7 boton-4-texto-normal\">Read more<\/span>\r\n                        <span class=\"menos hide tamano7 boton-4-texto-normal\">Read less<\/span>\r\n                        <svg class=\"icon-arrow\" width=\"13\" height=\"8\" viewBox=\"0 0 13 8\" fill=\"none\"\r\n                            xmlns=\"http:\/\/www.w3.org\/2000\/svg\">\r\n                            <path id=\"Vector 14\" d=\"M1 1L6.5 6.5L12 1\" stroke=\"#2B275C\" stroke-width=\"1.5\" \/>\r\n                        <\/svg>\r\n                    <\/div>\r\n                    \r\n                                        <a class=\"btn-round tamano-7-mediumcta color-boton-2-texto-normal color-boton-2-texto-hover color-boton-2-normal color-boton-2-hover\"\r\n                        href=\"#\" target=\"\">Cont\u00e1ctanos ya<\/a>\r\n                    \r\n                <\/div>\r\n            <\/div>\r\n        <\/div>\r\n    <\/div>\r\n    <\/div>\r\n    <\/section>\r\n<style>\r\n    .bloques_child_curvy1_2_1_3 .subbloque_child_curvy1_2_1_3 .texto *:not(:last-child) {\r\n        padding-bottom: 20px;\r\n    }\r\n\r\n    .bloques_child_curvy1_2_1_3 .subbloque_child_curvy1_2_1_3 .texto {\r\n        padding-bottom: 35px;\r\n    }\r\n\r\n    .bloques_child_curvy1_2_1_3 .vermas svg path {\r\n        stroke: var(--boton-4-texto-normal);\r\n    }\r\n\r\n    .bloques_child_curvy1_2_1_3 .vermas .hide {\r\n        display: none;\r\n    }\r\n\r\n    .bloques_child_curvy1_2_1_3 .vermas.show svg {\r\n        transform: rotate(180deg);\r\n    }\r\n\r\n    .bloques_child_curvy1_2_1_3 .vermas {\r\n        display: flex;\r\n        align-items: center;\r\n        gap: 10px;\r\n        cursor: pointer;\r\n        margin-bottom: 20px;\r\n    }\r\n\r\n    .bloques_child_curvy1_2_1_3 .subbloque_child_curvy1_2_1_3 h3 {\r\n        padding-bottom: 25px;\r\n    }\r\n\r\n    .bloques_child_curvy1_2_1_3 .subbloque_child_curvy1_2_1_3 .row .col-texto {\r\n        width: 33.33%;\r\n    }\r\n\r\n    .bloques_child_curvy1_2_1_3 .subbloque_child_curvy1_2_1_3 .row .col-imagen img {\r\n        border-radius: 30px;\r\n    }\r\n\r\n     .bloques_child_curvy1_2_1_3 .subbloque_child_curvy1_2_1_3 .row .col-imagen .video {\r\n        width: 100%;\r\n        height: 100%;\r\n        overflow: hidden;\r\n        border-radius: 30px;\r\n    }\r\n\r\n     .bloques_child_curvy1_2_1_3 .subbloque_child_curvy1_2_1_3 .row .col-imagen .video iframe {\r\n        width: 100%;\r\n        height: 100%;\r\n        border: none;\r\n        min-height: 600px;\r\n    }\r\n\r\n     .bloques_child_curvy1_2_1_3 .subbloque_child_curvy1_2_1_3 .row .col-imagen {\r\n        width: 50%;\r\n    }\r\n\r\n    .bloques_child_curvy1_2_1_3 .subbloque_child_curvy1_2_1_3:nth-child(even) .row {\r\n        flex-direction: row-reverse;\r\n    }\r\n\r\n    .bloques_child_curvy1_2_1_3 .subbloque_child_curvy1_2_1_3:nth-child(2) {\r\n        background-color: var(--background-2-light);\r\n    }\r\n\r\n    .bloques_child_curvy1_2_1_3 .subbloque_child_curvy1_2_1_3 .row {\r\n        display: flex;\r\n        align-items: center;\r\n        gap: 8.33%;\r\n    }\r\n\r\n    .iconos_child_curvy1_2_1_3,\r\n    .bloques_child_curvy1_2_1_3 .subbloque_child_curvy1_2_1_3 {\r\n        padding: 80px 0;\r\n    }\r\n\r\n    .subbloque_child_curvy1_2_1_3 .btn-round {\r\n        border-radius: 60px;\r\n        padding: 12px 25px;\r\n        display: inline-block;\r\n        min-width: 175px;\r\n        text-align: center;\r\n        text-decoration: none;\r\n    }\r\n\r\n     .iconos_child_curvy1_2_1_3 .col-titulo h3 {\r\n        text-align: center;\r\n    }\r\n\r\n    .iconos_child_curvy1_2_1_3 .col-iconos .icono-item img {\r\n        max-width: 112px;\r\n        margin: 0 auto;\r\n    }\r\n\r\n    .iconos_child_curvy1_2_1_3 .col-iconos .icono-item .titulo {\r\n        text-align: center;\r\n    }\r\n\r\n    .iconos_child_curvy1_2_1_3 .col-iconos .icono-item {\r\n        display: flex;\r\n        flex-direction: column;\r\n        gap: 35px;\r\n        justify-content: center;\r\n        align-items: center;\r\n        width: calc(20% - 24px);\r\n    }\r\n\r\n    .iconos_child_curvy1_2_1_3 .col-iconos .icono-item .icono {\r\n        width: 60px;\r\n    }\r\n\r\n    .iconos_child_curvy1_2_1_3 .col-iconos {\r\n        display: flex;\r\n        align-items: flex-start;\r\n        flex-wrap: wrap;\r\n        gap: 30px;\r\n        justify-content: center;\r\n    }\r\n\r\n    .iconos_child_curvy1_2_1_3 .col-titulo {\r\n        padding-bottom: 80px;\r\n    }\r\n\r\n    @media (max-width:1550px) {\r\n        .bloques_child_curvy1_2_1_3 .subbloque_child_curvy1_2_1_3 .row {\r\n            gap: 75px;\r\n        }\r\n\r\n    }\r\n\r\n    @media (max-width:1350px) {\r\n        .bloques_child_curvy1_2_1_3 .subbloque_child_curvy1_2_1_3 .row .col-texto {\r\n            width: 50%;\r\n        }\r\n\r\n        .bloques_child_curvy1_2_1_3 .subbloque_child_curvy1_2_1_3 .row .col-imagen .video iframe {\r\n            min-height: 450px;\r\n        }\r\n    }\r\n\r\n    @media (max-width:1250px) {\r\n        .bloques_child_curvy1_2_1_3 .subbloque_child_curvy1_2_1_3 .row {\r\n            gap: 0;\r\n        }\r\n    }\r\n\r\n    @media (max-width:992px) {\r\n        .iconos_child_curvy1_2_1_3 .col-iconos .icono-item {\r\n            width: calc(50% - 15px);\r\n        }\r\n\r\n        .bloques_child_curvy1_2_1_3 .subbloque_child_curvy1_2_1_3 .row .col-imagen .video iframe {\r\n            min-height: 370px;\r\n        }\r\n\r\n        .bloques_child_curvy1_2_1_3 .subbloque_child_curvy1_2_1_3 .row>.col {\r\n            width: 100%;\r\n        }\r\n\r\n        .bloques_child_curvy1_2_1_3 .subbloque_child_curvy1_2_1_3:nth-child(even) .row,\r\n        .bloques_child_curvy1_2_1_3 .subbloque_child_curvy1_2_1_3 .row {\r\n            flex-direction: column;\r\n            gap: 30px;\r\n        }\r\n\r\n        .iconos_child_curvy1_2_1_3,\r\n        .bloques_child_curvy1_2_1_3 .subbloque_child_curvy1_2_1_3 {\r\n            padding: 40px 0;\r\n        }\r\n\r\n        .bloques_child_curvy1_2_1_3 .vermas span {\r\n            font-weight: var(--tamano4-font-weight);\r\n        }\r\n\r\n        .bloques_child_curvy1_2_1_3 .subbloque_child_curvy1_2_1_3 .texto {\r\n            padding-bottom: 0;\r\n        }\r\n\r\n        .bloques_child_curvy1_2_1_3 .vermas {\r\n            display: flex;\r\n            align-items: center;\r\n            gap: 10px;\r\n            cursor: pointer;\r\n            padding-top: 15px;\r\n        }\r\n\r\n\r\n        \/* .bloques_child_curvy1_2_1_3 .vermas {\r\n            padding-bottom: 35px;\r\n        } *\/\r\n\r\n        .iconos_child_curvy1_2_1_3 .col-titulo {\r\n            padding-bottom: 35px;\r\n        }\r\n    }\r\n\r\n    @media (max-width:768px) {\r\n        .bloques_child_curvy1_2_1_3 .subbloque_child_curvy1_2_1_3 .row .col-imagen .video iframe {\r\n            min-height: 310px;\r\n        }\r\n    }\r\n\r\n    @media (max-width:420px) {\r\n        .iconos_child_curvy1_2_1_3 .col-iconos .icono-item {\r\n            width: 100%;\r\n        }\r\n    }\r\n<\/style>\r\n<script>\r\n    jQuery(document).ready(function($) {\r\n        const $instance = $('.bloques_child_curvy1_2_1_3[original-block-id=\"block_8fcfe031776828594c1cdf92146fbf9c\"]');\r\n\r\n        if (!$instance.length) return;\r\n\r\n        const CONFIG_SCC1213 = {\r\n            limites: {\r\n                mobile: 300,\r\n                desktop: 600\r\n            },\r\n            breakpoint: 992\r\n        };\r\n\r\n        function truncarTextoEnUltimaPalabraSCC1213(texto, limite) {\r\n            if (texto.length <= limite) return texto;\r\n            const cortado = texto.substring(0, limite);\r\n            const ultimoEspacio = cortado.lastIndexOf(' ');\r\n            return (ultimoEspacio > limite * 0.8 ? cortado.substring(0, ultimoEspacio) : cortado) + '...';\r\n        }\r\n\r\n        function truncarHTMLSCC1213(html, limite) {\r\n            const $temp = $('<div>').html(html);\r\n            let chars = 0,\r\n                resultado = '';\r\n\r\n            function procesarNodoSCC1213(nodo) {\r\n                if (chars >= limite) return false;\r\n\r\n                if (nodo.nodeType === 3) {\r\n                    const texto = nodo.textContent || '';\r\n                    if (chars + texto.length <= limite) {\r\n                        resultado += texto;\r\n                        chars += texto.length;\r\n                    } else {\r\n                        resultado += truncarTextoEnUltimaPalabraSCC1213(texto, limite - chars);\r\n                        chars = limite;\r\n                        return false;\r\n                    }\r\n                } else if (nodo.nodeType === 1) {\r\n                    const $elem = $(nodo);\r\n                    const tag = nodo.tagName.toLowerCase();\r\n                    const textoElem = $elem.text();\r\n\r\n                    if (chars + textoElem.length <= limite) {\r\n                        resultado += $('<div>').append($elem.clone()).html();\r\n                        chars += textoElem.length;\r\n                    } else {\r\n                        const attrs = Array.from(nodo.attributes).map(a =>\r\n                            a.name + '=\"' + (a.value || '').replace(\/\"\/g, '&quot;') + '\"'\r\n                        ).join(' ');\r\n                        resultado += '<' + tag + (attrs ? ' ' + attrs : '') + '>';\r\n\r\n                        $elem.contents().each(function() {\r\n                            return procesarNodoSCC1213(this);\r\n                        });\r\n\r\n                        resultado += '<\/' + tag + '>';\r\n                        return false;\r\n                    }\r\n                }\r\n                return true;\r\n            }\r\n\r\n            $temp.contents().each(function() {\r\n                return procesarNodoSCC1213(this);\r\n            });\r\n\r\n            return resultado || truncarTextoEnUltimaPalabraSCC1213($temp.text(), limite);\r\n        }\r\n\r\n        function aplicarTruncadoSCC1213() {\r\n            $instance.find('.texto-completo').each(function() {\r\n                const $completo = $(this);\r\n                if ($completo.is(':visible')) return;\r\n\r\n                const $texto = $completo.closest('.texto');\r\n                const $corto = $completo.siblings('.texto-corto');\r\n                const $vermas = $completo.closest('.subbloque_child_curvy1_2_1_3').find('.vermas');\r\n\r\n                if (!$corto.length) return;\r\n\r\n                const html = $completo.html() || '';\r\n                const textoPlano = $completo.text() || '';\r\n                const esMobile = $(window).width() <= CONFIG_SCC1213.breakpoint;\r\n                const limite = esMobile ? CONFIG_SCC1213.limites.mobile : CONFIG_SCC1213.limites\r\n                    .desktop;\r\n                const desactivado = $texto.attr('data-desactivar-leer-mas') === '1';\r\n\r\n                if (desactivado) {\r\n                    if (!esMobile) {\r\n                        $corto.html(html).show();\r\n                        $vermas.hide();\r\n                        return;\r\n                    }\r\n                }\r\n\r\n                if (textoPlano.length > limite) {\r\n                    $corto.html(truncarHTMLSCC1213(html, limite)).show();\r\n                    $vermas.css('display', 'flex');\r\n                } else {\r\n                    $corto.html(html).show();\r\n                    $vermas.hide();\r\n                }\r\n            });\r\n        }\r\n\r\n        aplicarTruncadoSCC1213();\r\n        $(window).on('resize', aplicarTruncadoSCC1213);\r\n\r\n        $instance.on('click', '.vermas', function() {\r\n            const $btn = $(this);\r\n            const $texto = $btn.closest('.subbloque_child_curvy1_2_1_3').find('.texto');\r\n            const $corto = $texto.find('.texto-corto');\r\n            const $completo = $texto.find('.texto-completo');\r\n\r\n            if ($corto.is(':visible')) {\r\n                $corto.hide();\r\n                $completo.show();\r\n                $btn.addClass('show');\r\n            } else {\r\n                $completo.hide();\r\n                aplicarTruncadoSCC1213();\r\n                $btn.removeClass('show');\r\n            }\r\n\r\n            $btn.find('span').toggleClass('hide');\r\n        });\r\n    });\r\n<\/script>\r\n","protected":false},"excerpt":{"rendered":"","protected":false},"author":1,"featured_media":796,"parent":441,"menu_order":0,"comment_status":"open","ping_status":"closed","template":"","meta":{"_acf_changed":false,"iawp_total_views":1,"footnotes":""},"class_list":["post-438","page","type-page","status-publish","has-post-thumbnail","hentry"],"acf":[],"yoast_head":"<!-- This site is optimized with the Yoast SEO plugin v27.4 - https:\/\/yoast.com\/product\/yoast-seo-wordpress\/ -->\n<title>Fr\u00edo Industrial - Corporaci\u00f3n Frioven<\/title>\n<meta name=\"robots\" content=\"index, follow, max-snippet:-1, max-image-preview:large, max-video-preview:-1\" \/>\n<link rel=\"canonical\" href=\"https:\/\/frioven.com.ve\/en\/productos\/servicio-3\/\" \/>\n<meta property=\"og:locale\" content=\"en_US\" \/>\n<meta property=\"og:type\" content=\"article\" \/>\n<meta property=\"og:title\" content=\"Fr\u00edo Industrial - Corporaci\u00f3n Frioven\" \/>\n<meta property=\"og:url\" content=\"https:\/\/frioven.com.ve\/en\/productos\/servicio-3\/\" \/>\n<meta property=\"og:site_name\" content=\"Corporaci\u00f3n Frioven\" \/>\n<meta property=\"article:modified_time\" content=\"2025-06-30T10:49:07+00:00\" \/>\n<meta property=\"og:image\" content=\"https:\/\/frioven.com.ve\/wp-content\/uploads\/2024\/12\/Leonardo_Vision_XL_Una_imagen_para_una_web_de_refrigeracin_ind_0.jpg\" \/>\n\t<meta property=\"og:image:width\" content=\"1792\" \/>\n\t<meta property=\"og:image:height\" content=\"1048\" \/>\n\t<meta property=\"og:image:type\" content=\"image\/jpeg\" \/>\n<meta name=\"twitter:card\" content=\"summary_large_image\" \/>\n<!-- \/ Yoast SEO plugin. -->","yoast_head_json":{"title":"Fr\u00edo Industrial - Corporaci\u00f3n Frioven","robots":{"index":"index","follow":"follow","max-snippet":"max-snippet:-1","max-image-preview":"max-image-preview:large","max-video-preview":"max-video-preview:-1"},"canonical":"https:\/\/frioven.com.ve\/en\/productos\/servicio-3\/","og_locale":"en_US","og_type":"article","og_title":"Fr\u00edo Industrial - Corporaci\u00f3n Frioven","og_url":"https:\/\/frioven.com.ve\/en\/productos\/servicio-3\/","og_site_name":"Corporaci\u00f3n Frioven","article_modified_time":"2025-06-30T10:49:07+00:00","og_image":[{"width":1792,"height":1048,"url":"https:\/\/frioven.com.ve\/wp-content\/uploads\/2024\/12\/Leonardo_Vision_XL_Una_imagen_para_una_web_de_refrigeracin_ind_0.jpg","type":"image\/jpeg"}],"twitter_card":"summary_large_image","schema":{"@context":"https:\/\/schema.org","@graph":[{"@type":"WebPage","@id":"https:\/\/frioven.com.ve\/en\/productos\/servicio-3\/","url":"https:\/\/frioven.com.ve\/en\/productos\/servicio-3\/","name":"Fr\u00edo Industrial - Corporaci\u00f3n Frioven","isPartOf":{"@id":"https:\/\/frioven.com.ve\/en\/#website"},"primaryImageOfPage":{"@id":"https:\/\/frioven.com.ve\/en\/productos\/servicio-3\/#primaryimage"},"image":{"@id":"https:\/\/frioven.com.ve\/en\/productos\/servicio-3\/#primaryimage"},"thumbnailUrl":"https:\/\/frioven.com.ve\/wp-content\/uploads\/2024\/12\/Leonardo_Vision_XL_Una_imagen_para_una_web_de_refrigeracin_ind_0.jpg","datePublished":"2024-12-17T22:30:10+00:00","dateModified":"2025-06-30T10:49:07+00:00","breadcrumb":{"@id":"https:\/\/frioven.com.ve\/en\/productos\/servicio-3\/#breadcrumb"},"inLanguage":"en-US","potentialAction":[{"@type":"ReadAction","target":["https:\/\/frioven.com.ve\/en\/productos\/servicio-3\/"]}]},{"@type":"ImageObject","inLanguage":"en-US","@id":"https:\/\/frioven.com.ve\/en\/productos\/servicio-3\/#primaryimage","url":"https:\/\/frioven.com.ve\/wp-content\/uploads\/2024\/12\/Leonardo_Vision_XL_Una_imagen_para_una_web_de_refrigeracin_ind_0.jpg","contentUrl":"https:\/\/frioven.com.ve\/wp-content\/uploads\/2024\/12\/Leonardo_Vision_XL_Una_imagen_para_una_web_de_refrigeracin_ind_0.jpg","width":1792,"height":1048},{"@type":"BreadcrumbList","@id":"https:\/\/frioven.com.ve\/en\/productos\/servicio-3\/#breadcrumb","itemListElement":[{"@type":"ListItem","position":1,"name":"Portada","item":"https:\/\/frioven.com.ve\/en\/"},{"@type":"ListItem","position":2,"name":"Productos","item":"https:\/\/frioven.com.ve\/en\/productos\/"},{"@type":"ListItem","position":3,"name":"Fr\u00edo Industrial"}]},{"@type":"WebSite","@id":"https:\/\/frioven.com.ve\/en\/#website","url":"https:\/\/frioven.com.ve\/en\/","name":"Corporaci\u00f3n Frioven","description":"","publisher":{"@id":"https:\/\/frioven.com.ve\/en\/#organization"},"potentialAction":[{"@type":"SearchAction","target":{"@type":"EntryPoint","urlTemplate":"https:\/\/frioven.com.ve\/en\/?s={search_term_string}"},"query-input":{"@type":"PropertyValueSpecification","valueRequired":true,"valueName":"search_term_string"}}],"inLanguage":"en-US"},{"@type":"Organization","@id":"https:\/\/frioven.com.ve\/en\/#organization","name":"Corporaci\u00f3n Frioven","url":"https:\/\/frioven.com.ve\/en\/","logo":{"@type":"ImageObject","inLanguage":"en-US","@id":"https:\/\/frioven.com.ve\/en\/#\/schema\/logo\/image\/","url":"https:\/\/frioven.com.ve\/wp-content\/uploads\/2024\/12\/67617b49e76ba_frioven-e1734515829660.png","contentUrl":"https:\/\/frioven.com.ve\/wp-content\/uploads\/2024\/12\/67617b49e76ba_frioven-e1734515829660.png","width":399,"height":150,"caption":"Corporaci\u00f3n Frioven "},"image":{"@id":"https:\/\/frioven.com.ve\/en\/#\/schema\/logo\/image\/"}}]}},"_links":{"self":[{"href":"https:\/\/frioven.com.ve\/en\/wp-json\/wp\/v2\/pages\/438","targetHints":{"allow":["GET"]}}],"collection":[{"href":"https:\/\/frioven.com.ve\/en\/wp-json\/wp\/v2\/pages"}],"about":[{"href":"https:\/\/frioven.com.ve\/en\/wp-json\/wp\/v2\/types\/page"}],"author":[{"embeddable":true,"href":"https:\/\/frioven.com.ve\/en\/wp-json\/wp\/v2\/users\/1"}],"replies":[{"embeddable":true,"href":"https:\/\/frioven.com.ve\/en\/wp-json\/wp\/v2\/comments?post=438"}],"version-history":[{"count":4,"href":"https:\/\/frioven.com.ve\/en\/wp-json\/wp\/v2\/pages\/438\/revisions"}],"predecessor-version":[{"id":962,"href":"https:\/\/frioven.com.ve\/en\/wp-json\/wp\/v2\/pages\/438\/revisions\/962"}],"up":[{"embeddable":true,"href":"https:\/\/frioven.com.ve\/en\/wp-json\/wp\/v2\/pages\/441"}],"wp:featuredmedia":[{"embeddable":true,"href":"https:\/\/frioven.com.ve\/en\/wp-json\/wp\/v2\/media\/796"}],"wp:attachment":[{"href":"https:\/\/frioven.com.ve\/en\/wp-json\/wp\/v2\/media?parent=438"}],"curies":[{"name":"wp","href":"https:\/\/api.w.org\/{rel}","templated":true}]}}